{"id":1634,"date":"2020-07-10T16:28:04","date_gmt":"2020-07-10T16:28:04","guid":{"rendered":"https:\/\/annualreport.responsiblemines.org\/en\/?page_id=1634"},"modified":"2020-08-03T20:21:08","modified_gmt":"2020-08-03T20:21:08","slug":"peru-latinoamerica","status":"publish","type":"page","link":"https:\/\/annualreport.responsiblemines.org\/en\/peru-latinoamerica\/","title":{"rendered":"PER\u00da -LATINOAMERICA"},"content":{"rendered":"<p>[et_pb_section fb_built=&#8221;1&#8243; _builder_version=&#8221;4.4.7&#8243; background_image=&#8221;https:\/\/annualreport.responsiblemines.org\/en\/wp-content\/uploads\/2020\/07\/ARM-Sub-Banners-5-Lat-Peru.jpg&#8221; parallax=&#8221;on&#8221; width=&#8221;100%&#8221; max_width=&#8221;100%&#8221; module_alignment=&#8221;center&#8221; height=&#8221;602px&#8221; custom_margin=&#8221;-81px|||||&#8221;][et_pb_row admin_label=&#8221;Row&#8221; module_class=&#8221;home_v1&#8243; _builder_version=&#8221;4.4.7&#8243; width=&#8221;100%&#8221; max_width=&#8221;100%&#8221; module_alignment=&#8221;right&#8221; custom_margin=&#8221;|||8vw|false|false&#8221; custom_padding=&#8221;14vw|||22vw|false|false&#8221;][et_pb_column type=&#8221;4_4&#8243; _builder_version=&#8221;4.4.7&#8243;][et_pb_text disabled_on=&#8221;off|off|off&#8221; admin_label=&#8221;Text&#8221; _builder_version=&#8221;4.4.7&#8243; header_font=&#8221;|700|||||||&#8221; header_text_color=&#8221;#FFFFFF&#8221; header_font_size=&#8221;4vw&#8221; header_line_height=&#8221;0.7em&#8221; header_2_font=&#8221;|300|||||||&#8221; header_2_text_color=&#8221;#ffffff&#8221; width=&#8221;62.7%&#8221; custom_margin=&#8221;||||false|false&#8221; custom_margin_tablet=&#8221;&#8221; custom_margin_phone=&#8221;50vw||||false|false&#8221; custom_margin_last_edited=&#8221;on|phone&#8221; custom_padding=&#8221;|0px||||&#8221; header_font_size_tablet=&#8221;&#8221; header_font_size_phone=&#8221;8vw&#8221; header_font_size_last_edited=&#8221;on|phone&#8221;]<\/p>\n<h1 style=\"text-align: center;\">PER\u00da<\/h1>\n<p>[\/et_pb_text][\/et_pb_column][\/et_pb_row][\/et_pb_section][et_pb_section fb_built=&#8221;1&#8243; _builder_version=&#8221;4.4.7&#8243; background_color=&#8221;#6da826&#8243; custom_padding=&#8221;3vw||3vw||false|false&#8221;][et_pb_row column_structure=&#8221;1_5,1_5,3_5&#8243; use_custom_gutter=&#8221;on&#8221; make_equal=&#8221;on&#8221; module_class=&#8221;home_banner_v3&#8243; _builder_version=&#8221;4.4.7&#8243; width=&#8221;100%&#8221; module_alignment=&#8221;right&#8221; custom_padding=&#8221;|11.6vw|0px|11.6vw|false|true&#8221;][et_pb_column type=&#8221;1_5&#8243; _builder_version=&#8221;4.4.7&#8243;][et_pb_text content_tablet=&#8221;&#8221; content_phone=&#8221;<\/p>\n<h1 style=%22text-align: left;%22>1346<\/h1>\n<p>&#8221; content_last_edited=&#8221;on|phone&#8221; disabled_on=&#8221;off|off|off&#8221; _builder_version=&#8221;4.4.7&#8243; header_text_color=&#8221;#ffffff&#8221; header_font_size=&#8221;4.3vw&#8221; header_font_size_tablet=&#8221;&#8221; header_font_size_phone=&#8221;10vw&#8221; header_font_size_last_edited=&#8221;on|phone&#8221;]<\/p>\n<h1 style=\"text-align: right;\">1346<\/h1>\n<p>[\/et_pb_text][\/et_pb_column][et_pb_column type=&#8221;1_5&#8243; _builder_version=&#8221;4.4.7&#8243; custom_css_main_element=&#8221;width:15vw !important;&#8221; custom_css_main_element_last_edited=&#8221;on|phone&#8221; custom_css_main_element_phone=&#8221;width:100% !important;&#8221;][et_pb_text disabled_on=&#8221;off|off|off&#8221; _builder_version=&#8221;4.4.7&#8243; header_text_color=&#8221;#ffffff&#8221; header_line_height=&#8221;1.2em&#8221; width_tablet=&#8221;&#8221; width_phone=&#8221;100%&#8221; width_last_edited=&#8221;on|phone&#8221; max_width=&#8221;100%&#8221; custom_margin=&#8221;-4px||0px|11px|false|false&#8221; custom_margin_tablet=&#8221;&#8221; custom_margin_phone=&#8221;-12vw|||25vw|false|false&#8221; custom_margin_last_edited=&#8221;on|phone&#8221; custom_padding=&#8221;0px||0px|12px|false|false&#8221; custom_padding_tablet=&#8221;&#8221; custom_padding_phone=&#8221;|15vw|||false|false&#8221; custom_padding_last_edited=&#8221;on|phone&#8221; border_width_left=&#8221;1px&#8221; border_color_left=&#8221;#ffffff&#8221;]<\/p>\n<h1><strong>Direct participants<\/strong><\/h1>\n<p>[\/et_pb_text][\/et_pb_column][et_pb_column type=&#8221;3_5&#8243; _builder_version=&#8221;4.4.7&#8243;][et_pb_image src=&#8221;https:\/\/annualreport.responsiblemines.org\/en\/wp-content\/uploads\/2020\/07\/fairmined-e1595075985884.png&#8221; title_text=&#8221;fairmined&#8221; align=&#8221;right&#8221; _builder_version=&#8221;4.4.7&#8243; width=&#8221;31%&#8221; custom_margin=&#8221;-3vw||||false|false&#8221; custom_padding=&#8221;||||false|false&#8221;][\/et_pb_image][\/et_pb_column][\/et_pb_row][\/et_pb_section][et_pb_section fb_built=&#8221;1&#8243; _builder_version=&#8221;4.4.7&#8243; background_enable_image=&#8221;off&#8221; background_size=&#8221;contain&#8221; background_position=&#8221;top_right&#8221; min_height=&#8221;584px&#8221; custom_padding=&#8221;0px||0px|||&#8221;][et_pb_row column_structure=&#8221;1_2,1_2&#8243; use_custom_gutter=&#8221;on&#8221; make_equal=&#8221;on&#8221; _builder_version=&#8221;4.4.7&#8243; background_color=&#8221;#007a8f&#8221; background_enable_video_mp4=&#8221;off&#8221; width=&#8221;100%&#8221; max_width=&#8221;1232px&#8221; module_alignment=&#8221;right&#8221; custom_margin=&#8221;|auto|-1px|auto|false|false&#8221; custom_padding=&#8221;5vw|11.6vw||11.6vw|false|true&#8221;][et_pb_column type=&#8221;1_2&#8243; _builder_version=&#8221;4.4.7&#8243;][et_pb_text content_tablet=&#8221;&#8221; content_phone=&#8221;<\/p>\n<p><img src=%22https:\/\/annualreport.responsiblemines.org\/en\/wp-content\/uploads\/2020\/07\/donantes.jpeg%22 width=%2266%22 height=%2265%22 alt=%22%22 class=%22wp-image-1424 alignnone size-full%22 style=%22display: block; margin-left: auto; margin-right: auto;%22 \/><\/p>\n<p>&#8221; content_last_edited=&#8221;on|phone&#8221; _builder_version=&#8221;4.4.7&#8243; ul_text_color=&#8221;#ffffff&#8221; header_2_font=&#8221;||||||||&#8221; header_2_text_align=&#8221;left&#8221; header_2_text_color=&#8221;#ffffff&#8221; header_2_font_size=&#8221;33px&#8221; custom_margin=&#8221;45px|||8vw|false|false&#8221;]<\/p>\n<p><img src=\"https:\/\/annualreport.responsiblemines.org\/en\/wp-content\/uploads\/2020\/07\/donantes.jpeg\" width=\"66\" height=\"65\" alt=\"\" class=\"wp-image-1424 alignnone size-full\" \/><\/p>\n<p>[\/et_pb_text][et_pb_text content_last_edited=&#8221;off|desktop&#8221; _builder_version=&#8221;4.4.7&#8243; ul_text_color=&#8221;#ffffff&#8221; header_2_font=&#8221;||||||||&#8221; header_2_text_align=&#8221;left&#8221; header_2_text_color=&#8221;#ffffff&#8221; header_2_font_size=&#8221;33px&#8221; custom_margin=&#8221;||45px|8vw|false|false&#8221; custom_margin_tablet=&#8221;&#8221; custom_margin_phone=&#8221;||45px|0px|false|false&#8221; custom_margin_last_edited=&#8221;on|phone&#8221; hover_enabled=&#8221;0&#8243;]<\/p>\n<h2 style=\"text-align: left;\"><strong>Donors<\/strong><\/h2>\n<ul>\n<li style=\"text-align: left;\"><span style=\"font-weight: 400;\">Microsoft, ENSEMBLE Foundation<\/span><\/li>\n<li style=\"text-align: left;\"><span style=\"font-weight: 400;\">Ford Foundation<\/span><\/li>\n<li style=\"text-align: left;\"><span style=\"font-weight: 400;\">Colorado School of Mines<\/span><\/li>\n<\/ul>\n<p>[\/et_pb_text][\/et_pb_column][et_pb_column type=&#8221;1_2&#8243; _builder_version=&#8221;4.4.7&#8243;][et_pb_text content_tablet=&#8221;&#8221; content_phone=&#8221;<\/p>\n<p><img src=%22https:\/\/annualreport.responsiblemines.org\/en\/wp-content\/uploads\/2020\/07\/aliados.jpeg%22 width=%2266%22 height=%2265%22 alt=%22%22 class=%22wp-image-1423 alignnone size-full%22 style=%22display: block; margin-left: auto; margin-right: auto;%22 \/><\/p>\n<p>&#8221; content_last_edited=&#8221;on|phone&#8221; _builder_version=&#8221;4.4.7&#8243; ul_text_color=&#8221;#ffffff&#8221; header_2_font=&#8221;||||||||&#8221; header_2_text_align=&#8221;left&#8221; header_2_text_color=&#8221;#ffffff&#8221; header_2_font_size=&#8221;33px&#8221; custom_margin=&#8221;45px|||5vw|false|false&#8221;]<\/p>\n<p><img src=\"https:\/\/annualreport.responsiblemines.org\/en\/wp-content\/uploads\/2020\/07\/aliados.jpeg\" width=\"66\" height=\"65\" alt=\"\" class=\"wp-image-1423 alignnone size-full\" \/><\/p>\n<p>[\/et_pb_text][et_pb_text content_phone=&#8221;<\/p>\n<h2 style=%22text-align: center;%22>Aliados<\/h2>\n<ul>\n<li><span style=%22font-weight: 400;%22>Ministerio de Energ\u00eda y Minas (MINEM), Ministerio del Ambiente (MINAM), Direcci\u00f3n nacional de Energ\u00eda y Minas (DREMs), Ministerio de Desarrollo e Inclusi\u00f3n Social (MIDIS), Joyer\u00eda Sissa\u00ef, Universidad de Juliaca<\/span><\/li>\n<\/ul>\n<p>&#8221; content_last_edited=&#8221;off|desktop&#8221; _builder_version=&#8221;4.4.7&#8243; ul_text_color=&#8221;#ffffff&#8221; header_2_font=&#8221;||||||||&#8221; header_2_text_align=&#8221;left&#8221; header_2_text_color=&#8221;#ffffff&#8221; header_2_font_size=&#8221;33px&#8221; custom_margin=&#8221;||45px|6vw|false|false&#8221; custom_margin_tablet=&#8221;&#8221; custom_margin_phone=&#8221;||45px|0px|false|false&#8221; custom_margin_last_edited=&#8221;on|phone&#8221; custom_padding=&#8221;|34px||||&#8221; hover_enabled=&#8221;0&#8243;]<\/p>\n<h2><strong>Partners<\/strong><\/h2>\n<ul>\n<li><span style=\"font-weight: 400;\">Ministry of Energy and Mines (MINEM), Ministry of Environment (MINAM), General Directorate of Mining (DGM), Ministry of Development and Social Inclusion (MIDIS), Sissai Jewelry, University of Juliaca.<\/span><\/li>\n<\/ul>\n<p>[\/et_pb_text][\/et_pb_column][\/et_pb_row][et_pb_row column_structure=&#8221;1_2,1_2&#8243; use_custom_gutter=&#8221;on&#8221; make_equal=&#8221;on&#8221; _builder_version=&#8221;4.4.7&#8243; background_enable_video_mp4=&#8221;off&#8221; width=&#8221;100%&#8221; max_width=&#8221;1232px&#8221; module_alignment=&#8221;right&#8221; custom_margin=&#8221;|auto||auto|false|false&#8221; custom_padding=&#8221;5vw||||false|false&#8221;][et_pb_column type=&#8221;1_2&#8243; _builder_version=&#8221;4.4.7&#8243; background_enable_color=&#8221;off&#8221;][et_pb_image src=&#8221;https:\/\/annualreport.responsiblemines.org\/en\/wp-content\/uploads\/2020\/07\/ARM-imagen-objetivos-peru.jpg&#8221; title_text=&#8221;ARM-imagen-objetivos-peru&#8221; align=&#8221;center&#8221; _builder_version=&#8221;4.4.7&#8243; width=&#8221;85%&#8221;][\/et_pb_image][\/et_pb_column][et_pb_column type=&#8221;1_2&#8243; _builder_version=&#8221;4.4.7&#8243; background_enable_color=&#8221;off&#8221;][et_pb_text _builder_version=&#8221;4.4.7&#8243; text_text_color=&#8221;#000000&#8243; header_2_text_color=&#8221;#87AE38&#8243; header_4_text_color=&#8221;#007a8f&#8221; header_4_line_height=&#8221;1.2em&#8221; header_5_text_color=&#8221;#000000&#8243; header_5_font_size=&#8221;14px&#8221; header_5_line_height=&#8221;1.6em&#8221; custom_margin=&#8221;85px||85px||true|false&#8221; custom_margin_tablet=&#8221;&#8221; custom_margin_phone=&#8221;85px|15px|85px|35px|true|false&#8221; custom_margin_last_edited=&#8221;on|phone&#8221; custom_padding=&#8221;|5vw||0%|false|false&#8221; text_text_color__hover_enabled=&#8221;on|desktop&#8221;]<\/p>\n<p style=\"text-align: justify;\"><span style=\"font-weight: 400;\">In this country, ARM has been working to promote the Fairmined standard as a responsible mining model, support mining organizations to keep their certification and strengthen certified gold exports.\u00a0\u00a0<\/span><\/p>\n<p style=\"text-align: justify;\"><span style=\"font-weight: 400;\"><\/span><\/p>\n<h4 style=\"text-align: justify;\"><b><strong>General objectives<\/strong>:<\/b><\/h4>\n<ul>\n<li>Promoting and implementing a responsible ASM model in Puno.<\/li>\n<li>Maintaining sustainability and growth of the Fairmined system in Puno and Mid-South Peru.<\/li>\n<\/ul>\n<p>[\/et_pb_text][\/et_pb_column][\/et_pb_row][et_pb_row _builder_version=&#8221;4.4.7&#8243; width=&#8221;100%&#8221; custom_padding=&#8221;5vw||||false|false&#8221;][et_pb_column type=&#8221;4_4&#8243; _builder_version=&#8221;4.4.7&#8243;][et_pb_code _builder_version=&#8221;4.4.7&#8243;]<div class=\"rtbs  rtbs_peru\"><div class=\"rtbs_slug\" style=\"display:none\">peru<\/div><div class=\"rtbs_inactive_tab_background\" style=\"display:none\">transparent<\/div><div class=\"rtbs_breakpoint\" style=\"display:none\">600<\/div><div class=\"rtbs_color\" style=\"display:none\">#007a8f<\/div>\r\n        <div class=\"rtbs_menu\">\r\n            <ul>\r\n                <li class=\"mobile_toggle\">&zwnj;<\/li><li class=\"current\"><a style=\"background:#007a8f\" class=\"active peru-tab-link-0\" href=\"#\" data-tab=\"#peru-tab-0\">Organizational Achievements<\/a><\/li><li><a href=\"#\" data-tab=\"#peru-tab-1\" class=\"peru-tab-link-1\">Technical and Environmental Strengthening<\/a><\/li><li><a href=\"#\" data-tab=\"#peru-tab-2\" class=\"peru-tab-link-2\">Gender Equality and Diversity<\/a><\/li><li><a href=\"#\" data-tab=\"#peru-tab-3\" class=\"peru-tab-link-3\">Gold Commercialization<\/a><\/li><li><a href=\"#\" data-tab=\"#peru-tab-4\" class=\"peru-tab-link-4\">Governance and Participatory Communication<\/a><\/li>\r\n            <\/ul>\r\n        <\/div><div style=\"border-top:7px solid #007a8f;\" id=\"peru-tab-0\" class=\"rtbs_content active\"><p><img class=\"size-medium wp-image-2049 alignleft\" src=\"\/wp-content\/uploads\/2020\/07\/1-1.jpg\" alt=\"\" width=\"300\" height=\"250\" \/><\/p>\n<ul>\n<li>Setting up an office in Juliaca.<\/li>\n<li>Recertifying MACDESA, CECOMIP and Oro Puno mining organizations.<\/li>\n<li>Assisting MACDESA with the change of board of directors.<\/li>\n<li>Assisting MACDESA with the investment of the Fairmined award.<\/li>\n<\/ul>\n<p>Sharing work experience on mineral processing and exploitation among MACDESA miners at the SOTRAMI mining organization.<\/p>\n<div style=\"margin-top:30px; clear:both;\"><\/div><\/div><div style=\"border-top:7px solid #007a8f;\" id=\"peru-tab-1\" class=\"rtbs_content\"><p><img class=\"size-medium wp-image-2049 alignleft\" src=\"\/wp-content\/uploads\/2020\/07\/2-1.jpg\" alt=\"\" width=\"300\" height=\"250\" \/><\/p>\n<ul>\n<li>Carrying out previability tasks in Madre de Dios.<\/li>\n<li>Complying with the improvement plan: Cruz Pata (89%), CECOMIP (85%), Oro Puno (88%).<\/li>\n<li>Transitioning to clean technology.<\/li>\n<li>Supporting 4 mining organizations in Puno: CECOMIP, Oro Puno, Cruz Pata and CENCOMIN.<\/li>\n<li>Monitoring technical issues for the MACDESA mining organization (Mid-South Peru).<\/li>\n<li>Analysis of gaps for the Sotrami mining organization (Mid-South Peru).<\/li>\n<\/ul>\n<div style=\"margin-top:30px; clear:both;\"><\/div><\/div><div style=\"border-top:7px solid #007a8f;\" id=\"peru-tab-2\" class=\"rtbs_content\"><p><img class=\"size-medium wp-image-2049 alignleft\" src=\"\/wp-content\/uploads\/2020\/07\/3-1-scaled.jpg\" alt=\"\" width=\"300\" height=\"250\" \/><\/p>\n<ul>\n<li>Puno: Women mining members of the CECOMIP organization have been trained in handcrafted jewelry <a href=\"https:\/\/www.responsiblemines.org\/2019\/05\/generando-un-empoderamiento-productivo-2\/\">(see more here)<\/a>, setting up a jewelry manufacturing workshop <a href=\"https:\/\/www.responsiblemines.org\/2019\/11\/lanzamiento-de-joyas-artesanales-creadas-por-las-socias-de-cecomip-en-peru\/\">(see more here)<\/a> and creation of business plans. Activities have been coordinated with Red Social\/CIRDI, Sissai and CECOMIP.<\/li>\n<li>Arequipa: A group of women mineral selectors (La Rinconada) participated in national dialogue spaces.<\/li>\n<\/ul>\n<div style=\"margin-top:30px; clear:both;\"><\/div><\/div><div style=\"border-top:7px solid #007a8f;\" id=\"peru-tab-3\" class=\"rtbs_content\"><p><img class=\"size-medium wp-image-2049 alignleft\" src=\"\/wp-content\/uploads\/2020\/07\/4-1.jpg\" alt=\"\" width=\"300\" height=\"250\" \/><\/p>\n<ul>\n<li>Initial analysis of mining organizations in Puno and Mid-South Peru.<\/li>\n<li>Analysis of the Cruz Pata and Sotrami mining organizations on their challenges to meet the Fairmined standard requirements.<\/li>\n<li>Connection with logistic agents, valuables transport companies and buyers to enable export logistic channels of certified mining organizations.<\/li>\n<li><strong>The Formalization and Commercialization Workshop<\/strong> was a regional event held in Chala to discuss the requirements for reaching formalization, connect different supply chain actors to speed up commercialization, support export and access to loans processes, and share experiences among miners during the internship at the MACDESA mining organization. <a href=\"https:\/\/www.responsiblemines.org\/2019\/07\/taller-de-formalizacion-y-comercializacion-en-chala-peru\/\">Find out more here<\/a>.<\/li>\n<\/ul>\n<div style=\"margin-top:30px; clear:both;\"><\/div><\/div><div style=\"border-top:7px solid #007a8f;\" id=\"peru-tab-4\" class=\"rtbs_content\"><p><img class=\"size-medium wp-image-2049 alignleft\" src=\"\/wp-content\/uploads\/2020\/07\/5-1.jpg\" alt=\"\" width=\"300\" height=\"250\" \/><\/p>\n<ul>\n<li>The National Committee in Lima was the first event to create an exclusive agenda for the artisanal and small-scale sector.\u00a0<\/li>\n<li>Nationwide partnerships.<\/li>\n<li>Coordination with the General Directorate of Mining Formalization (DGFM) in Juliaca to visit certified mines.<\/li>\n<\/ul>\n<div style=\"margin-top:30px; clear:both;\"><\/div><\/div>\r\n    <\/div>\r\n    <!-- [et_pb_line_break_holder] -->[\/et_pb_code][\/et_pb_column][\/et_pb_row][et_pb_row use_custom_gutter=&#8221;on&#8221; make_equal=&#8221;on&#8221; _builder_version=&#8221;4.4.7&#8243; background_color=&#8221;#ffffff&#8221; background_enable_image=&#8221;off&#8221; background_enable_video_mp4=&#8221;off&#8221; width=&#8221;100%&#8221; max_width=&#8221;1597px&#8221; module_alignment=&#8221;right&#8221; custom_margin=&#8221;|auto|-1px|auto||&#8221; custom_padding=&#8221;0px|10vw||10vw|false|true&#8221;][et_pb_column type=&#8221;4_4&#8243; _builder_version=&#8221;4.4.7&#8243; background_enable_color=&#8221;off&#8221;][et_pb_text content_phone=&#8221;<\/p>\n<h2 style=%22text-align: center;%22>Ver m\u00e1s Territorios Mineros<\/h2>\n<table style=%22border-color: rgba(0, 0, 0, 0); margin-left: auto; margin-right: auto;%22>\n<tbody>\n<tr>\n<td><a href=%22https:\/\/annualreport.responsiblemines.org\/en\/territorio-africa\/%22><img src=%22https:\/\/annualreport.responsiblemines.org\/en\/wp-content\/uploads\/2020\/07\/a4-1.png%22 width=%2217%22 height=%2217%22 alt=%22%22 class=%22wp-image-1077 alignnone size-full%22 \/>\u00c1frica<\/a><\/td>\n<td><a href=%22https:\/\/annualreport.responsiblemines.org\/en\/territorios-asia\/%22><img src=%22https:\/\/annualreport.responsiblemines.org\/en\/wp-content\/uploads\/2020\/07\/a4-1.png%22 width=%2217%22 height=%2217%22 alt=%22%22 class=%22wp-image-1077 alignnone size-full%22 \/>Asia<\/a><\/td>\n<td><a href=%22https:\/\/annualreport.responsiblemines.org\/en\/latinoamerica\/%22><img src=%22https:\/\/annualreport.responsiblemines.org\/en\/wp-content\/uploads\/2020\/07\/a4-1.png%22 width=%2217%22 height=%2217%22 alt=%22%22 class=%22wp-image-1077 alignnone size-full%22 \/>Latinoam\u00e9rica<\/a><\/td>\n<\/tr>\n<\/tbody>\n<\/table>\n<p>&#8221; content_last_edited=&#8221;off|desktop&#8221; _builder_version=&#8221;4.4.7&#8243; header_2_text_color=&#8221;#007a8f&#8221; hover_enabled=&#8221;0&#8243; locked=&#8221;off&#8221;]<\/p>\n<table style=\"border-color: #00000000;\">\n<tbody>\n<tr>\n<td>\n<h2>See more mining territories<\/h2>\n<\/td>\n<td><a href=\"https:\/\/annualreport.responsiblemines.org\/en\/territorio-africa\/\"><img src=\"https:\/\/annualreport.responsiblemines.org\/en\/wp-content\/uploads\/2020\/07\/a4-1.png\" width=\"17\" height=\"17\" alt=\"\" class=\"wp-image-1077 alignnone size-full\" \/>\u00c1frica<\/a><\/td>\n<td><a href=\"https:\/\/annualreport.responsiblemines.org\/en\/territorios-asia\/\"><img src=\"https:\/\/annualreport.responsiblemines.org\/en\/wp-content\/uploads\/2020\/07\/a4-1.png\" width=\"17\" height=\"17\" alt=\"\" class=\"wp-image-1077 alignnone size-full\" \/>Asia<\/a><\/td>\n<td><a href=\"https:\/\/annualreport.responsiblemines.org\/en\/latinoamerica\/\"><img src=\"https:\/\/annualreport.responsiblemines.org\/en\/wp-content\/uploads\/2020\/07\/a4-1.png\" width=\"17\" height=\"17\" alt=\"\" class=\"wp-image-1077 alignnone size-full\" \/>Latinoam\u00e9rica<\/a><\/td>\n<\/tr>\n<\/tbody>\n<\/table>\n<p>[\/et_pb_text][\/et_pb_column][\/et_pb_row][\/et_pb_section][et_pb_section fb_built=&#8221;1&#8243; custom_padding_last_edited=&#8221;on|desktop&#8221; module_class=&#8221;fondo_footer&#8221; _builder_version=&#8221;4.4.7&#8243; width=&#8221;100%&#8221; width_tablet=&#8221;&#8221; width_phone=&#8221;&#8221; width_last_edited=&#8221;on|desktop&#8221; custom_padding=&#8221;0px||0px||true|false&#8221; custom_padding_tablet=&#8221;&#8221; custom_padding_phone=&#8221;&#8221; custom_css_main_element=&#8221;float:left;&#8221; locked=&#8221;off&#8221; custom_css_main_element_last_edited=&#8221;on|desktop&#8221;][et_pb_row _builder_version=&#8221;4.4.7&#8243; width=&#8221;100%&#8221; custom_padding=&#8221;|11.6vw||11.6vw|false|true&#8221; custom_css_main_element=&#8221;background-color:#d7dbc8 !important;&#8221; locked=&#8221;off&#8221;][et_pb_column type=&#8221;4_4&#8243; _builder_version=&#8221;4.4.7&#8243;][et_pb_text content_tablet=&#8221;<\/p>\n<h2 style=%22float: left;%22><span style=%22color: #87ae38;%22>Reporte Anual 2019 <\/span><\/h2>\n<p style=%22float: left;%22>Powered by The Alliance for Responsible Mining &#8211; Design by: The Ideas Factory<\/p>\n<p>&#8221; content_phone=&#8221;<\/p>\n<h2 style=%22float: left;%22><span style=%22color: #87ae38;%22><span>Annual Report<\/span> 2019 <\/span><\/h2>\n<p style=%22float: left;%22>Powered by The Alliance for Responsible Mining &#8211; Design by: The Ideas Factory<\/p>\n<p>&#8221; content_last_edited=&#8221;on|phone&#8221; _builder_version=&#8221;4.4.7&#8243; header_2_font_size=&#8221;1.4vw&#8221; custom_padding_tablet=&#8221;&#8221; custom_padding_phone=&#8221;4vw||||false|false&#8221; custom_padding_last_edited=&#8221;on|phone&#8221; header_2_font_size_tablet=&#8221;&#8221; header_2_font_size_phone=&#8221;4vw&#8221; header_2_font_size_last_edited=&#8221;on|phone&#8221;]<\/p>\n<h2 style=\"float: left;\"><span style=\"color: #87ae38;\"><span>Annual Report<\/span>\u00a02019\u00a0<\/span><\/h2>\n<p style=\"float: left;\">Powered by The Alliance for Responsible Mining &#8211; Design by: The Ideas Factory<\/p>\n<p>[\/et_pb_text][\/et_pb_column][\/et_pb_row][\/et_pb_section]<\/p>\n","protected":false},"excerpt":{"rendered":"<p>[et_pb_section fb_built=&#8221;1&#8243; _builder_version=&#8221;4.4.7&#8243; background_image=&#8221;https:\/\/annualreport.responsiblemines.org\/en\/wp-content\/uploads\/2020\/07\/ARM-Sub-Banners-5-Lat-Peru.jpg&#8221; parallax=&#8221;on&#8221; width=&#8221;100%&#8221; max_width=&#8221;100%&#8221; module_alignment=&#8221;center&#8221; height=&#8221;602px&#8221; custom_margin=&#8221;-81px|||||&#8221;][et_pb_row admin_label=&#8221;Row&#8221; module_class=&#8221;home_v1&#8243; _builder_version=&#8221;4.4.7&#8243; width=&#8221;100%&#8221; max_width=&#8221;100%&#8221; module_alignment=&#8221;right&#8221; custom_margin=&#8221;|||8vw|false|false&#8221; custom_padding=&#8221;14vw|||22vw|false|false&#8221;][et_pb_column type=&#8221;4_4&#8243; _builder_version=&#8221;4.4.7&#8243;][et_pb_text disabled_on=&#8221;off|off|off&#8221; admin_label=&#8221;Text&#8221; _builder_version=&#8221;4.4.7&#8243; header_font=&#8221;|700|||||||&#8221; header_text_color=&#8221;#FFFFFF&#8221; header_font_size=&#8221;4vw&#8221; header_line_height=&#8221;0.7em&#8221; header_2_font=&#8221;|300|||||||&#8221; header_2_text_color=&#8221;#ffffff&#8221; width=&#8221;62.7%&#8221; custom_margin=&#8221;||||false|false&#8221; custom_margin_tablet=&#8221;&#8221; custom_margin_phone=&#8221;50vw||||false|false&#8221; custom_margin_last_edited=&#8221;on|phone&#8221; custom_padding=&#8221;|0px||||&#8221; header_font_size_tablet=&#8221;&#8221; header_font_size_phone=&#8221;8vw&#8221; header_font_size_last_edited=&#8221;on|phone&#8221;] PER\u00da [\/et_pb_text][\/et_pb_column][\/et_pb_row][\/et_pb_section][et_pb_section fb_built=&#8221;1&#8243; _builder_version=&#8221;4.4.7&#8243; background_color=&#8221;#6da826&#8243; custom_padding=&#8221;3vw||3vw||false|false&#8221;][et_pb_row column_structure=&#8221;1_5,1_5,3_5&#8243; use_custom_gutter=&#8221;on&#8221; make_equal=&#8221;on&#8221; module_class=&#8221;home_banner_v3&#8243; _builder_version=&#8221;4.4.7&#8243; width=&#8221;100%&#8221; module_alignment=&#8221;right&#8221; custom_padding=&#8221;|11.6vw|0px|11.6vw|false|true&#8221;][et_pb_column type=&#8221;1_5&#8243; _builder_version=&#8221;4.4.7&#8243;][et_pb_text content_tablet=&#8221;&#8221; [&hellip;]<\/p>\n","protected":false},"author":4,"featured_media":0,"parent":0,"menu_order":0,"comment_status":"closed","ping_status":"closed","template":"","meta":{"_et_pb_use_builder":"on","_et_pb_old_content":"","_et_gb_content_width":""},"_links":{"self":[{"href":"https:\/\/annualreport.responsiblemines.org\/en\/wp-json\/wp\/v2\/pages\/1634"}],"collection":[{"href":"https:\/\/annualreport.responsiblemines.org\/en\/wp-json\/wp\/v2\/pages"}],"about":[{"href":"https:\/\/annualreport.responsiblemines.org\/en\/wp-json\/wp\/v2\/types\/page"}],"author":[{"embeddable":true,"href":"https:\/\/annualreport.responsiblemines.org\/en\/wp-json\/wp\/v2\/users\/4"}],"replies":[{"embeddable":true,"href":"https:\/\/annualreport.responsiblemines.org\/en\/wp-json\/wp\/v2\/comments?post=1634"}],"version-history":[{"count":5,"href":"https:\/\/annualreport.responsiblemines.org\/en\/wp-json\/wp\/v2\/pages\/1634\/revisions"}],"predecessor-version":[{"id":5399,"href":"https:\/\/annualreport.responsiblemines.org\/en\/wp-json\/wp\/v2\/pages\/1634\/revisions\/5399"}],"wp:attachment":[{"href":"https:\/\/annualreport.responsiblemines.org\/en\/wp-json\/wp\/v2\/media?parent=1634"}],"curies":[{"name":"wp","href":"https:\/\/api.w.org\/{rel}","templated":true}]}}